{"id":189,"date":"2023-02-03T15:53:45","date_gmt":"2023-02-03T19:53:45","guid":{"rendered":"http:\/\/bravalubricants.com\/?page_id=189"},"modified":"2023-04-02T14:18:39","modified_gmt":"2023-04-02T18:18:39","slug":"product-locator","status":"publish","type":"page","link":"http:\/\/52.200.96.248\/es\/products\/product-locator\/","title":{"rendered":"Localizador de Producto"},"content":{"rendered":"<section class=\"hero hero--fixed\">\n    <div class=\"hero__media\">\n      <img width=\"1600\" height=\"900\" src=\"http:\/\/52.200.96.248\/wp-content\/uploads\/2023\/02\/hero-locations.jpg\" class=\"hero__media-item\" alt=\"woman holding brava elite racing oil product bottle\" decoding=\"async\" loading=\"eager\" srcset=\"http:\/\/52.200.96.248\/wp-content\/uploads\/2023\/02\/hero-locations.jpg 1600w, http:\/\/52.200.96.248\/wp-content\/uploads\/2023\/02\/hero-locations-300x169.jpg 300w, http:\/\/52.200.96.248\/wp-content\/uploads\/2023\/02\/hero-locations-1000x563.jpg 1000w, http:\/\/52.200.96.248\/wp-content\/uploads\/2023\/02\/hero-locations-800x450.jpg 800w, http:\/\/52.200.96.248\/wp-content\/uploads\/2023\/02\/hero-locations-18x10.jpg 18w, http:\/\/52.200.96.248\/wp-content\/uploads\/2023\/02\/hero-locations-1400x788.jpg 1400w, http:\/\/52.200.96.248\/wp-content\/uploads\/2023\/02\/hero-locations-1200x675.jpg 1200w, http:\/\/52.200.96.248\/wp-content\/uploads\/2023\/02\/hero-locations-600x338.jpg 600w, http:\/\/52.200.96.248\/wp-content\/uploads\/2023\/02\/hero-locations-400x225.jpg 400w, http:\/\/52.200.96.248\/wp-content\/uploads\/2023\/02\/hero-locations-200x113.jpg 200w, http:\/\/52.200.96.248\/wp-content\/uploads\/2023\/02\/hero-locations-1280x720.jpg 1280w, http:\/\/52.200.96.248\/wp-content\/uploads\/2023\/02\/hero-locations-304x171.jpg 304w, http:\/\/52.200.96.248\/wp-content\/uploads\/2023\/02\/hero-locations-468x263.jpg 468w, http:\/\/52.200.96.248\/wp-content\/uploads\/2023\/02\/hero-locations-188x106.jpg 188w\" sizes=\"(max-width: 1600px) 100vw, 1600px\" \/>    <\/div>\n  <\/section>\n\n  <section id=\"hero--block_e0f1ddd2597989bbabb457ebd3344121\" class=\"hero\">\n    <div class=\"hero__wrap\">\n      <div class=\"hero__content\">\n                  <p class=\"hero__tagline\">Ubicaciones<\/p>\n                <h1 class=\"hero__headline\">D\u00f3nde Comprar Brava Lubricantes<\/h1>\n        <div class=\"hero__copy\">\n          <p>Brava Lubricantes se asocia con m\u00faltiples concesionarios, talleres &amp; repuestos y distribuidores en todo Puerto Rico, Venezuela y Rep\u00fablica Dominicana. Ofrecemos la mejor selecci\u00f3n de sint\u00e9ticos, semisint\u00e9ticos, diesel y m\u00e1s.<\/p>\n\n                  <\/div>\n      <\/div>\n    <\/div>\n  <\/section>\n\n\n\n\n<section id=\"product-locator--block_235483d205575a83e8d80d5902692b91\" class=\"product-locator\">\n  <style>\r\n\t#wpsl-stores .wpsl-store-thumb {height:45px !important; width:45px !important;}\r\n\t#wpsl-stores, #wpsl-direction-details, #wpsl-gmap {height:562px !important;}\r\n\t#wpsl-gmap .wpsl-info-window {max-width:225px !important;}\r\n\t.wpsl-input label, #wpsl-radius label, #wpsl-category label {width:95px;}\r\n\t#wpsl-search-input  {width:179px;}\r\n<\/style>\r\n<div id=\"wpsl-outer\">\r\n<div id=\"wpsl-wrap\">\r\n\t<div class=\"wpsl-search wpsl-clearfix wpsl-no-filters\">\r\n\t\t<div id=\"wpsl-search-wrap\">\r\n\t\t\t<div class=\"wpsl-header\">\r\n\t\t\t\t\t<div class=\"wpsl-header-left\">\r\n\t\t\t\t\t\t<p>Localizador de Producto<\/p>\r\n\t\t\t\t\t\t<h3>Encuentra Brava Lubricantes Cerca de Ti<\/h3>\r\n\t\t\t\t\t<\/div>\r\n\t\t\t\t\t<div class=\"wpsl-header-right\">\r\n\t\t\t\t\t\t<div class=\"wpsl-header-icon\"><svg class=\"icon icon--location\" aria-labelledby=\"title-69d4c1572d79e\" xmlns=\"http:\/\/www.w3.org\/2000\/svg\" viewbox=\"0 0 52 44\" width=\"52\" height=\"44\"><g><path d=\"M40.84 43.25H4c-.98 0-1.89-.43-2.51-1.19-.62-.75-.87-1.74-.67-2.69l7.15-36C8.27 1.85 9.61.75 11.16.75H48c.98 0 1.89.43 2.51 1.19.62.76.87 1.74.68 2.7l-7.16 36a3.255 3.255 0 0 1-3.19 2.62Z\" fill=\"none\"\/><path d=\"M40.84 42.5c1.19 0 2.22-.85 2.45-2.01l7.16-36c.15-.74-.04-1.49-.52-2.07s-1.18-.91-1.93-.91H11.16c-1.19 0-2.22.85-2.45 2.01L1.55 39.51c-.15.74.04 1.49.52 2.07.48.58 1.18.91 1.93.91h36.84m0 1.5H4c-2.52 0-4.42-2.3-3.92-4.78L7.24 3.22A3.995 3.995 0 0 1 11.16 0H48c2.52 0 4.42 2.31 3.92 4.78l-7.16 36A3.995 3.995 0 0 1 40.84 44Z\" fill=\"#ff5100\"\/><\/g><g><path data-name=\"Path 2585\" d=\"M14 10h24v24H14V10Z\" fill=\"none\"\/><path data-name=\"Path 2586\" d=\"M26 22c-1.1 0-2-.9-2-2s.9-2 2-2 2 .9 2 2-.9 2-2 2Zm6-1.8c0-3.31-2.69-6-6-6s-6 2.69-6 6c0 2.34 1.95 5.44 6 9.14 4.05-3.7 6-6.8 6-9.14ZM26 12a7.947 7.947 0 0 1 8 7.91v.29c0 3.32-2.67 7.25-8 11.8-5.33-4.55-8-8.48-8-11.8-.14-4.39 3.31-8.06 7.71-8.2H26Z\" fill=\"#dcdce6\"\/><\/g><\/svg><\/div>\r\n\t\t\t\t\t<\/div>\r\n\t\t\t\t<\/div>\r\n\t\t\t<form autocomplete=\"off\" action=\"\">\r\n\t\t\t<div class=\"wpsl-input\">\r\n\t\t\t\t<div><label for=\"wpsl-search-input\">Your location<\/label><\/div>\r\n\t\t\t\t<input id=\"wpsl-search-input\" type=\"text\" value=\"\" name=\"wpsl-search-input\" placeholder=\"Enter address or postal code\" aria-required=\"true\" \/>\r\n\t\t\t<\/div>\r\n\t\t\t\t<div class=\"wpsl-search-btn-wrap\"><input id=\"wpsl-search-btn\" type=\"submit\" value=\"Buscar\"><\/div>\r\n\t\t<input type=\"hidden\" name=\"trp-form-language\" value=\"es\"\/><\/form>\r\n\t\t<\/div>\r\n\t<\/div>\r\n\t<div id=\"wpsl-gmap\" class=\"wpsl-gmap-canvas\"><\/div>\r\n\t<div id=\"wpsl-result-list\">\r\n\t\t<div id=\"wpsl-stores\" >\r\n\t\t\t<ul><\/ul>\r\n\t\t<\/div>\r\n\t\t<div id=\"wpsl-direction-details\">\r\n\t\t\t<ul><\/ul>\r\n\t\t<\/div>\r\n\t<\/div>\r\n<\/div>\r\n<\/div>\r\n<\/section>\n\n\n\n<div class=\"wp-block-group is-style-group-none is-layout-constrained\"><div class=\"wp-block-group__inner-container\">\n<section id=\"media-text--block_a714e045864c5bd815be97b4df28b341\" class=\"media-text\">\n  <div class=\"media-text__wrap\">\n    \n    <div class=\"media-text__content\">\n      <h2 class=\"media-text__headline\">Prefieres Comprar En L\u00ednea<\/h2>\n      <div class=\"media-text__copy\">\n              <\/div>\n              <a class=\"button-theme\" href=\"#\" target=\"\"><span class=\"button-theme__text\">Visita Amazon<\/span> <span class=\"button-theme__arrow\">\u27f6<\/span><\/a>\n          <\/div>\n  <\/div>\n<\/section><\/div><\/div>\n\n\n\n<section id=\"cover-video--block_ab0ff0cec5ac29aeb7ec47e7b95a46af\" class=\"cover-video cover-video--uses-image\">\n  <div class=\"cover-video__media\">\n    <img width=\"1600\" height=\"622\" src=\"http:\/\/52.200.96.248\/wp-content\/uploads\/2023\/02\/BRT-TESTING-28-ENE-2022-PHOTO-70.jpg\" class=\"cover-video__media-item\" alt=\"elite racing oil product bottles\" decoding=\"async\" loading=\"lazy\" srcset=\"http:\/\/52.200.96.248\/wp-content\/uploads\/2023\/02\/BRT-TESTING-28-ENE-2022-PHOTO-70.jpg 1600w, http:\/\/52.200.96.248\/wp-content\/uploads\/2023\/02\/BRT-TESTING-28-ENE-2022-PHOTO-70-300x117.jpg 300w, http:\/\/52.200.96.248\/wp-content\/uploads\/2023\/02\/BRT-TESTING-28-ENE-2022-PHOTO-70-1000x389.jpg 1000w, http:\/\/52.200.96.248\/wp-content\/uploads\/2023\/02\/BRT-TESTING-28-ENE-2022-PHOTO-70-800x311.jpg 800w, http:\/\/52.200.96.248\/wp-content\/uploads\/2023\/02\/BRT-TESTING-28-ENE-2022-PHOTO-70-18x7.jpg 18w, http:\/\/52.200.96.248\/wp-content\/uploads\/2023\/02\/BRT-TESTING-28-ENE-2022-PHOTO-70-1400x544.jpg 1400w, http:\/\/52.200.96.248\/wp-content\/uploads\/2023\/02\/BRT-TESTING-28-ENE-2022-PHOTO-70-1200x467.jpg 1200w, http:\/\/52.200.96.248\/wp-content\/uploads\/2023\/02\/BRT-TESTING-28-ENE-2022-PHOTO-70-600x233.jpg 600w, http:\/\/52.200.96.248\/wp-content\/uploads\/2023\/02\/BRT-TESTING-28-ENE-2022-PHOTO-70-400x156.jpg 400w, http:\/\/52.200.96.248\/wp-content\/uploads\/2023\/02\/BRT-TESTING-28-ENE-2022-PHOTO-70-200x78.jpg 200w, http:\/\/52.200.96.248\/wp-content\/uploads\/2023\/02\/BRT-TESTING-28-ENE-2022-PHOTO-70-1280x498.jpg 1280w, http:\/\/52.200.96.248\/wp-content\/uploads\/2023\/02\/BRT-TESTING-28-ENE-2022-PHOTO-70-304x118.jpg 304w, http:\/\/52.200.96.248\/wp-content\/uploads\/2023\/02\/BRT-TESTING-28-ENE-2022-PHOTO-70-468x182.jpg 468w, http:\/\/52.200.96.248\/wp-content\/uploads\/2023\/02\/BRT-TESTING-28-ENE-2022-PHOTO-70-188x73.jpg 188w\" sizes=\"(max-width: 1600px) 100vw, 1600px\" \/>  <\/div>\n  <div class=\"cover-video__wrap\">\n    <div class=\"cover-video__content\">\n            <h2 class=\"cover-video__headline\">Estamos aqu\u00ed para ayudarle<\/h2>\n      <div class=\"cover-video__copy\">\n        <p>\u00bfSigues buscando un proveedor de Brava Lubricantes? Comun\u00edquese con nuestro equipo para encontrar una ubicaci\u00f3n cerca de usted.<\/p>\n      <\/div>\n              <a class=\"button-theme button-theme--lg\" href=\"#\" target=\"\"><span class=\"button-theme__text\">Contacte Nuestro Equipo<\/span> <span class=\"button-theme__arrow\">\u27f6<\/span><\/a>\n                <\/div>\n  <\/div>\n<\/section>","protected":false},"excerpt":{"rendered":"","protected":false},"author":4,"featured_media":0,"parent":2,"menu_order":2,"comment_status":"closed","ping_status":"closed","template":"","meta":[],"acf":[],"yoast_head":"<!-- This site is optimized with the Yoast SEO plugin v20.5 - https:\/\/yoast.com\/wordpress\/plugins\/seo\/ -->\n<title>Product Locator | Brava Lubricants<\/title>\n<meta name=\"description\" content=\"Brava Lubricants partners with multiple dealerships, quick lubes and distributors throughout Puerto Rico, Venezuela and Dominican Republic.\" \/>\n<meta name=\"robots\" content=\"index, follow, max-snippet:-1, max-image-preview:large, max-video-preview:-1\" \/>\n<link rel=\"canonical\" href=\"https:\/\/bravalubricants.com\/es\/products\/product-locator\/\" \/>\n<meta property=\"og:locale\" content=\"es_ES\" \/>\n<meta property=\"og:type\" content=\"article\" \/>\n<meta property=\"og:title\" content=\"Product Locator | Brava Lubricants\" \/>\n<meta property=\"og:description\" content=\"Brava Lubricants partners with multiple dealerships, quick lubes and distributors throughout Puerto Rico, Venezuela and Dominican Republic.\" \/>\n<meta property=\"og:url\" content=\"https:\/\/bravalubricants.com\/es\/products\/product-locator\/\" \/>\n<meta property=\"og:site_name\" content=\"Brava Lubricants\" \/>\n<meta property=\"article:publisher\" content=\"https:\/\/www.facebook.com\/bravalubricants\/\" \/>\n<meta property=\"article:modified_time\" content=\"2023-04-02T18:18:39+00:00\" \/>\n<meta property=\"og:image\" content=\"http:\/\/52.200.96.248\/wp-content\/uploads\/2023\/02\/blog-fallback.jpg\" \/>\n\t<meta property=\"og:image:width\" content=\"304\" \/>\n\t<meta property=\"og:image:height\" content=\"240\" \/>\n\t<meta property=\"og:image:type\" content=\"image\/jpeg\" \/>\n<meta name=\"twitter:card\" content=\"summary_large_image\" \/>\n<meta name=\"twitter:site\" content=\"@BravaOil\" \/>\n<script type=\"application\/ld+json\" class=\"yoast-schema-graph\">{\"@context\":\"https:\/\/schema.org\",\"@graph\":[{\"@type\":\"WebPage\",\"@id\":\"https:\/\/bravalubricants.com\/es\/products\/product-locator\/\",\"url\":\"https:\/\/bravalubricants.com\/es\/products\/product-locator\/\",\"name\":\"Product Locator | Brava Lubricants\",\"isPartOf\":{\"@id\":\"https:\/\/bravalubricants.com\/es\/#website\"},\"datePublished\":\"2023-02-03T19:53:45+00:00\",\"dateModified\":\"2023-04-02T18:18:39+00:00\",\"description\":\"Brava Lubricants partners with multiple dealerships, quick lubes and distributors throughout Puerto Rico, Venezuela and Dominican Republic.\",\"breadcrumb\":{\"@id\":\"https:\/\/bravalubricants.com\/es\/products\/product-locator\/#breadcrumb\"},\"inLanguage\":\"es-PR\",\"potentialAction\":[{\"@type\":\"ReadAction\",\"target\":[\"https:\/\/bravalubricants.com\/es\/products\/product-locator\/\"]}]},{\"@type\":\"BreadcrumbList\",\"@id\":\"https:\/\/bravalubricants.com\/es\/products\/product-locator\/#breadcrumb\",\"itemListElement\":[{\"@type\":\"ListItem\",\"position\":1,\"name\":\"Home\",\"item\":\"https:\/\/bravalubricants.com\/es\/\"},{\"@type\":\"ListItem\",\"position\":2,\"name\":\"Products\",\"item\":\"https:\/\/bravalubricants.com\/es\/products\/\"},{\"@type\":\"ListItem\",\"position\":3,\"name\":\"Product Locator\"}]},{\"@type\":\"WebSite\",\"@id\":\"https:\/\/bravalubricants.com\/es\/#website\",\"url\":\"https:\/\/bravalubricants.com\/es\/\",\"name\":\"Brava Lubricants\",\"description\":\"\",\"publisher\":{\"@id\":\"https:\/\/bravalubricants.com\/es\/#organization\"},\"potentialAction\":[{\"@type\":\"SearchAction\",\"target\":{\"@type\":\"EntryPoint\",\"urlTemplate\":\"https:\/\/bravalubricants.com\/es\/?s={search_term_string}\"},\"query-input\":\"required name=search_term_string\"}],\"inLanguage\":\"es-PR\"},{\"@type\":\"Organization\",\"@id\":\"https:\/\/bravalubricants.com\/es\/#organization\",\"name\":\"Brava Lubricants\",\"url\":\"https:\/\/bravalubricants.com\/es\/\",\"logo\":{\"@type\":\"ImageObject\",\"inLanguage\":\"es-PR\",\"@id\":\"https:\/\/bravalubricants.com\/es\/#\/schema\/logo\/image\/\",\"url\":\"https:\/\/bravalubricants.com\/wp-content\/uploads\/2023\/02\/blog-fallback.jpg\",\"contentUrl\":\"https:\/\/bravalubricants.com\/wp-content\/uploads\/2023\/02\/blog-fallback.jpg\",\"width\":304,\"height\":240,\"caption\":\"Brava Lubricants\"},\"image\":{\"@id\":\"https:\/\/bravalubricants.com\/es\/#\/schema\/logo\/image\/\"},\"sameAs\":[\"https:\/\/www.facebook.com\/bravalubricants\/\",\"https:\/\/twitter.com\/BravaOil\",\"https:\/\/www.instagram.com\/bravalubricants\/\",\"https:\/\/www.youtube.com\/channel\/UC5YeZPsKxdugy-3aT1e2zyQ\/\"]}]}<\/script>\n<!-- \/ Yoast SEO plugin. -->","yoast_head_json":{"title":"Product Locator | Brava Lubricants","description":"Brava Lubricants partners with multiple dealerships, quick lubes and distributors throughout Puerto Rico, Venezuela and Dominican Republic.","robots":{"index":"index","follow":"follow","max-snippet":"max-snippet:-1","max-image-preview":"max-image-preview:large","max-video-preview":"max-video-preview:-1"},"canonical":"https:\/\/bravalubricants.com\/es\/products\/product-locator\/","og_locale":"es_ES","og_type":"article","og_title":"Product Locator | Brava Lubricants","og_description":"Brava Lubricants partners with multiple dealerships, quick lubes and distributors throughout Puerto Rico, Venezuela and Dominican Republic.","og_url":"https:\/\/bravalubricants.com\/es\/products\/product-locator\/","og_site_name":"Brava Lubricants","article_publisher":"https:\/\/www.facebook.com\/bravalubricants\/","article_modified_time":"2023-04-02T18:18:39+00:00","og_image":[{"width":304,"height":240,"url":"http:\/\/52.200.96.248\/wp-content\/uploads\/2023\/02\/blog-fallback.jpg","type":"image\/jpeg"}],"twitter_card":"summary_large_image","twitter_site":"@BravaOil","schema":{"@context":"https:\/\/schema.org","@graph":[{"@type":"WebPage","@id":"https:\/\/bravalubricants.com\/es\/products\/product-locator\/","url":"https:\/\/bravalubricants.com\/es\/products\/product-locator\/","name":"Product Locator | Brava Lubricants","isPartOf":{"@id":"https:\/\/bravalubricants.com\/es\/#website"},"datePublished":"2023-02-03T19:53:45+00:00","dateModified":"2023-04-02T18:18:39+00:00","description":"Brava Lubricants partners with multiple dealerships, quick lubes and distributors throughout Puerto Rico, Venezuela and Dominican Republic.","breadcrumb":{"@id":"https:\/\/bravalubricants.com\/es\/products\/product-locator\/#breadcrumb"},"inLanguage":"es-PR","potentialAction":[{"@type":"ReadAction","target":["https:\/\/bravalubricants.com\/es\/products\/product-locator\/"]}]},{"@type":"BreadcrumbList","@id":"https:\/\/bravalubricants.com\/es\/products\/product-locator\/#breadcrumb","itemListElement":[{"@type":"ListItem","position":1,"name":"Home","item":"https:\/\/bravalubricants.com\/es\/"},{"@type":"ListItem","position":2,"name":"Products","item":"https:\/\/bravalubricants.com\/es\/products\/"},{"@type":"ListItem","position":3,"name":"Product Locator"}]},{"@type":"WebSite","@id":"https:\/\/bravalubricants.com\/es\/#website","url":"https:\/\/bravalubricants.com\/es\/","name":"Brava Lubricants","description":"","publisher":{"@id":"https:\/\/bravalubricants.com\/es\/#organization"},"potentialAction":[{"@type":"SearchAction","target":{"@type":"EntryPoint","urlTemplate":"https:\/\/bravalubricants.com\/es\/?s={search_term_string}"},"query-input":"required name=search_term_string"}],"inLanguage":"es-PR"},{"@type":"Organization","@id":"https:\/\/bravalubricants.com\/es\/#organization","name":"Brava Lubricants","url":"https:\/\/bravalubricants.com\/es\/","logo":{"@type":"ImageObject","inLanguage":"es-PR","@id":"https:\/\/bravalubricants.com\/es\/#\/schema\/logo\/image\/","url":"https:\/\/bravalubricants.com\/wp-content\/uploads\/2023\/02\/blog-fallback.jpg","contentUrl":"https:\/\/bravalubricants.com\/wp-content\/uploads\/2023\/02\/blog-fallback.jpg","width":304,"height":240,"caption":"Brava Lubricants"},"image":{"@id":"https:\/\/bravalubricants.com\/es\/#\/schema\/logo\/image\/"},"sameAs":["https:\/\/www.facebook.com\/bravalubricants\/","https:\/\/twitter.com\/BravaOil","https:\/\/www.instagram.com\/bravalubricants\/","https:\/\/www.youtube.com\/channel\/UC5YeZPsKxdugy-3aT1e2zyQ\/"]}]}},"_links":{"self":[{"href":"http:\/\/52.200.96.248\/es\/wp-json\/wp\/v2\/pages\/189"}],"collection":[{"href":"http:\/\/52.200.96.248\/es\/wp-json\/wp\/v2\/pages"}],"about":[{"href":"http:\/\/52.200.96.248\/es\/wp-json\/wp\/v2\/types\/page"}],"author":[{"embeddable":true,"href":"http:\/\/52.200.96.248\/es\/wp-json\/wp\/v2\/users\/4"}],"replies":[{"embeddable":true,"href":"http:\/\/52.200.96.248\/es\/wp-json\/wp\/v2\/comments?post=189"}],"version-history":[{"count":24,"href":"http:\/\/52.200.96.248\/es\/wp-json\/wp\/v2\/pages\/189\/revisions"}],"predecessor-version":[{"id":6473,"href":"http:\/\/52.200.96.248\/es\/wp-json\/wp\/v2\/pages\/189\/revisions\/6473"}],"up":[{"embeddable":true,"href":"http:\/\/52.200.96.248\/es\/wp-json\/wp\/v2\/pages\/2"}],"wp:attachment":[{"href":"http:\/\/52.200.96.248\/es\/wp-json\/wp\/v2\/media?parent=189"}],"curies":[{"name":"wp","href":"https:\/\/api.w.org\/{rel}","templated":true}]}}